{"id":2,"date":"2016-05-10T03:48:21","date_gmt":"2016-05-10T03:48:21","guid":{"rendered":"http:\/\/wp452m.a10-52-158-154.qa.plesk.ru\/wordpress\/?page_id=2"},"modified":"2025-04-20T12:01:40","modified_gmt":"2025-04-20T12:01:40","slug":"sample-page","status":"publish","type":"page","link":"https:\/\/sh-schwamm.de\/","title":{"rendered":"Home"},"content":{"rendered":"\n<p>Wir sind ein kleines Unternehmen in der Hard- und Software-Branche.<br>Unsere St\u00e4rke liegt in der individuellen Betreuung unserer Kunden zu denen sowohl Firmen als auch privat Personen geh\u00f6ren.<br>In enger Zusammenarbeit und stetigem Austausch mit unseren Kunden entsteht das gew\u00fcnschte Ergebnis.<\/p>\n\n\n\n<p>\u201eAlles aus einer Hand!\u201c<br>Das ist der passende Slogan.<\/p>\n\n\n\n<p>Ihr Dominik Schwamm<\/p>\n","protected":false},"excerpt":{"rendered":"<p>Wir sind ein kleines Unternehmen in der Hard- und Software-Branche.Unsere St\u00e4rke liegt in der individuellen Betreuung unserer Kunden zu denen sowohl Firmen als auch privat Personen geh\u00f6ren.In enger Zusammenarbeit und stetigem Austausch mit unseren Kunden entsteht das gew\u00fcnschte Ergebnis. \u201eAlles aus einer Hand!\u201cDas ist der passende Slogan. Ihr Dominik Schwamm<\/p>\n","protected":false},"author":1,"featured_media":0,"parent":0,"menu_order":0,"comment_status":"closed","ping_status":"open","template":"template-full.php","meta":{"_monsterinsights_skip_tracking":false,"_monsterinsights_sitenote_active":false,"_monsterinsights_sitenote_note":"","_monsterinsights_sitenote_category":0,"footnotes":""},"class_list":["post-2","page","type-page","status-publish","hentry","entry"],"_links":{"self":[{"href":"https:\/\/sh-schwamm.de\/index.php?rest_route=\/wp\/v2\/pages\/2","targetHints":{"allow":["GET"]}}],"collection":[{"href":"https:\/\/sh-schwamm.de\/index.php?rest_route=\/wp\/v2\/pages"}],"about":[{"href":"https:\/\/sh-schwamm.de\/index.php?rest_route=\/wp\/v2\/types\/page"}],"author":[{"embeddable":true,"href":"https:\/\/sh-schwamm.de\/index.php?rest_route=\/wp\/v2\/users\/1"}],"replies":[{"embeddable":true,"href":"https:\/\/sh-schwamm.de\/index.php?rest_route=%2Fwp%2Fv2%2Fcomments&post=2"}],"version-history":[{"count":6,"href":"https:\/\/sh-schwamm.de\/index.php?rest_route=\/wp\/v2\/pages\/2\/revisions"}],"predecessor-version":[{"id":96,"href":"https:\/\/sh-schwamm.de\/index.php?rest_route=\/wp\/v2\/pages\/2\/revisions\/96"}],"wp:attachment":[{"href":"https:\/\/sh-schwamm.de\/index.php?rest_route=%2Fwp%2Fv2%2Fmedia&parent=2"}],"curies":[{"name":"wp","href":"https:\/\/api.w.org\/{rel}","templated":true}]}}