{"id":28,"date":"2016-10-19T05:03:27","date_gmt":"2016-10-19T05:03:27","guid":{"rendered":"http:\/\/sh-schwamm.de\/?page_id=28"},"modified":"2017-08-06T07:22:12","modified_gmt":"2017-08-06T07:22:12","slug":"pc-beratung","status":"publish","type":"page","link":"https:\/\/sh-schwamm.de\/?page_id=28","title":{"rendered":"PC Beratung"},"content":{"rendered":"<p>Wir stellen Ihnen nach Ihren W\u00fcnschen jeden PC zusammen. Faxen Sie uns einfach die Liste aller Komponenten zu. Wir sagen Ihnen, was Ihr pers\u00f6nlicher Rechner bei uns kosten w\u00fcrde. Nat\u00fcrlich k\u00f6nnen Sie uns auch eine E-Mail schicken.<\/p>\n","protected":false},"excerpt":{"rendered":"<p>Wir stellen Ihnen nach Ihren W\u00fcnschen jeden PC zusammen. Faxen Sie uns einfach die Liste aller Komponenten zu. Wir sagen Ihnen, was Ihr pers\u00f6nlicher Rechner bei uns kosten w\u00fcrde. Nat\u00fcrlich k\u00f6nnen Sie uns auch eine E-Mail schicken.<\/p>\n","protected":false},"author":1,"featured_media":0,"parent":0,"menu_order":0,"comment_status":"closed","ping_status":"closed","template":"template-full.php","meta":{"_monsterinsights_skip_tracking":false,"_monsterinsights_sitenote_active":false,"_monsterinsights_sitenote_note":"","_monsterinsights_sitenote_category":0,"footnotes":""},"class_list":["post-28","page","type-page","status-publish","hentry","entry"],"_links":{"self":[{"href":"https:\/\/sh-schwamm.de\/index.php?rest_route=\/wp\/v2\/pages\/28","targetHints":{"allow":["GET"]}}],"collection":[{"href":"https:\/\/sh-schwamm.de\/index.php?rest_route=\/wp\/v2\/pages"}],"about":[{"href":"https:\/\/sh-schwamm.de\/index.php?rest_route=\/wp\/v2\/types\/page"}],"author":[{"embeddable":true,"href":"https:\/\/sh-schwamm.de\/index.php?rest_route=\/wp\/v2\/users\/1"}],"replies":[{"embeddable":true,"href":"https:\/\/sh-schwamm.de\/index.php?rest_route=%2Fwp%2Fv2%2Fcomments&post=28"}],"version-history":[{"count":2,"href":"https:\/\/sh-schwamm.de\/index.php?rest_route=\/wp\/v2\/pages\/28\/revisions"}],"predecessor-version":[{"id":37,"href":"https:\/\/sh-schwamm.de\/index.php?rest_route=\/wp\/v2\/pages\/28\/revisions\/37"}],"wp:attachment":[{"href":"https:\/\/sh-schwamm.de\/index.php?rest_route=%2Fwp%2Fv2%2Fmedia&parent=28"}],"curies":[{"name":"wp","href":"https:\/\/api.w.org\/{rel}","templated":true}]}}