{"id":30,"date":"2016-10-19T05:04:55","date_gmt":"2016-10-19T05:04:55","guid":{"rendered":"http:\/\/sh-schwamm.de\/?page_id=30"},"modified":"2017-08-06T07:21:58","modified_gmt":"2017-08-06T07:21:58","slug":"individuelle-software","status":"publish","type":"page","link":"https:\/\/sh-schwamm.de\/?page_id=30","title":{"rendered":"individuelle Software"},"content":{"rendered":"<p>Sie haben ein Problem, das mit Software \u201evon der Stange\u201c nicht gel\u00f6st werden kann? Da werden wir Ihnen m\u00f6glicherweise weiterhelfen. Wir erstellen Programme f\u00fcr DOS, Windows, Linux und Unix in verschiedenen g\u00e4ngigen Programmiersprachen<\/p>\n","protected":false},"excerpt":{"rendered":"<p>Sie haben ein Problem, das mit Software \u201evon der Stange\u201c nicht gel\u00f6st werden kann? Da werden wir Ihnen m\u00f6glicherweise weiterhelfen. Wir erstellen Programme f\u00fcr DOS, Windows, Linux und Unix in verschiedenen g\u00e4ngigen Programmiersprachen<\/p>\n","protected":false},"author":1,"featured_media":0,"parent":0,"menu_order":0,"comment_status":"closed","ping_status":"closed","template":"template-full.php","meta":{"_monsterinsights_skip_tracking":false,"_monsterinsights_sitenote_active":false,"_monsterinsights_sitenote_note":"","_monsterinsights_sitenote_category":0,"footnotes":""},"class_list":["post-30","page","type-page","status-publish","hentry","entry"],"_links":{"self":[{"href":"https:\/\/sh-schwamm.de\/index.php?rest_route=\/wp\/v2\/pages\/30","targetHints":{"allow":["GET"]}}],"collection":[{"href":"https:\/\/sh-schwamm.de\/index.php?rest_route=\/wp\/v2\/pages"}],"about":[{"href":"https:\/\/sh-schwamm.de\/index.php?rest_route=\/wp\/v2\/types\/page"}],"author":[{"embeddable":true,"href":"https:\/\/sh-schwamm.de\/index.php?rest_route=\/wp\/v2\/users\/1"}],"replies":[{"embeddable":true,"href":"https:\/\/sh-schwamm.de\/index.php?rest_route=%2Fwp%2Fv2%2Fcomments&post=30"}],"version-history":[{"count":1,"href":"https:\/\/sh-schwamm.de\/index.php?rest_route=\/wp\/v2\/pages\/30\/revisions"}],"predecessor-version":[{"id":31,"href":"https:\/\/sh-schwamm.de\/index.php?rest_route=\/wp\/v2\/pages\/30\/revisions\/31"}],"wp:attachment":[{"href":"https:\/\/sh-schwamm.de\/index.php?rest_route=%2Fwp%2Fv2%2Fmedia&parent=30"}],"curies":[{"name":"wp","href":"https:\/\/api.w.org\/{rel}","templated":true}]}}