{"id":33,"date":"2016-10-19T05:05:24","date_gmt":"2016-10-19T05:05:24","guid":{"rendered":"http:\/\/sh-schwamm.de\/?page_id=33"},"modified":"2017-08-06T07:22:32","modified_gmt":"2017-08-06T07:22:32","slug":"systemberatung","status":"publish","type":"page","link":"https:\/\/sh-schwamm.de\/?page_id=33","title":{"rendered":"Systemberatung"},"content":{"rendered":"<p>Alle Welt spricht von Digitalisierung. Bei uns erfahren Sie, was Sie tun m\u00fcssen, um auch Ihr Unternehmen im Netz der Netze pr\u00e4sentieren zu k\u00f6nnen? Fragen Sie uns.<\/p>\n","protected":false},"excerpt":{"rendered":"<p>Alle Welt spricht von Digitalisierung. Bei uns erfahren Sie, was Sie tun m\u00fcssen, um auch Ihr Unternehmen im Netz der Netze pr\u00e4sentieren zu k\u00f6nnen? Fragen Sie uns.<\/p>\n","protected":false},"author":1,"featured_media":0,"parent":0,"menu_order":0,"comment_status":"closed","ping_status":"closed","template":"template-full.php","meta":{"_monsterinsights_skip_tracking":false,"_monsterinsights_sitenote_active":false,"_monsterinsights_sitenote_note":"","_monsterinsights_sitenote_category":0,"footnotes":""},"class_list":["post-33","page","type-page","status-publish","hentry","entry"],"_links":{"self":[{"href":"https:\/\/sh-schwamm.de\/index.php?rest_route=\/wp\/v2\/pages\/33","targetHints":{"allow":["GET"]}}],"collection":[{"href":"https:\/\/sh-schwamm.de\/index.php?rest_route=\/wp\/v2\/pages"}],"about":[{"href":"https:\/\/sh-schwamm.de\/index.php?rest_route=\/wp\/v2\/types\/page"}],"author":[{"embeddable":true,"href":"https:\/\/sh-schwamm.de\/index.php?rest_route=\/wp\/v2\/users\/1"}],"replies":[{"embeddable":true,"href":"https:\/\/sh-schwamm.de\/index.php?rest_route=%2Fwp%2Fv2%2Fcomments&post=33"}],"version-history":[{"count":1,"href":"https:\/\/sh-schwamm.de\/index.php?rest_route=\/wp\/v2\/pages\/33\/revisions"}],"predecessor-version":[{"id":34,"href":"https:\/\/sh-schwamm.de\/index.php?rest_route=\/wp\/v2\/pages\/33\/revisions\/34"}],"wp:attachment":[{"href":"https:\/\/sh-schwamm.de\/index.php?rest_route=%2Fwp%2Fv2%2Fmedia&parent=33"}],"curies":[{"name":"wp","href":"https:\/\/api.w.org\/{rel}","templated":true}]}}